
{"id":114,"date":"2021-12-30T09:25:16","date_gmt":"2015-02-23T09:54:00","guid":{"rendered":"http:\/\/comnet2.compower.pl\/victoria\/?page_id=114"},"modified":"2023-11-27T11:10:37","modified_gmt":"2023-11-27T10:10:37","slug":"zasoby","status":"publish","type":"page","link":"https:\/\/www.smvictoria.pl\/?page_id=114","title":{"rendered":"Zasoby"},"content":{"rendered":"<p>Zasoby Sp\u00f3\u0142dzielni Mieszkaniowej &#8222;Victoria&#8221; w Krakowie po\u0142o\u017cone s\u0105 na terenie dw\u00f3ch dzielnic Krakowa: Dzielnicy XVI Bie\u0144czyce oraz Dzielnicy XVIII Nowa Huta.<\/p>\n<p>Sp\u00f3\u0142dzielnia zarz\u0105dza 42 budynkami mieszkalnymi, 2 pawilonami us\u0142ugowymi oraz 7 zespo\u0142ami gara\u017cowymi, zlokalizowanymi na terenie 5 osiedli:<\/p>\n<ul>\n<li>Os. Alberty\u0144skie,<\/li>\n<li>Os. Kolorowe,<\/li>\n<li>Os. Ko\u015bciuszkowskie,<\/li>\n<li>Os. Niepodleg\u0142o\u015bci,<\/li>\n<li>Os. Sp\u00f3\u0142dzielcze,<\/li>\n<li>Os. Dywizjonu 303 (gara\u017ce).<\/li>\n<\/ul>\n<p>W zasobach Sp\u00f3\u0142dzielni znajduje si\u0119 \u0142\u0105cznie:<\/p>\n<ul>\n<li>3638 mieszka\u0144 (155 tys. m<sup>2<\/sup>),<\/li>\n<li>70 lokali u\u017cytkowych (6 tys. m<sup>2<\/sup>),<\/li>\n<li>366 gara\u017cy (6 tys. m<sup>2<\/sup>).<\/li>\n<\/ul>\n<p>&nbsp;<br \/>\n<table width=\"100%\" style=\"margin-bottom: 10px\">\r\n  <tr>\r\n    <td width=\"40\" style=\"vertical-align:top; padding-top: 3px;\"><img decoding=\"async\" src=\"https:\/\/www.smvictoria.pl\/wp-content\/uploads\/2015\/02\/pdf.png\" style=\"vertical-align:middle;\" \/><\/td>\r\n    <td><pdf-tytul><a href=\"https:\/\/www.smvictoria.pl\/?wpfb_dl=74\">Mapa nieruchomo\u015bci<\/a><\/pdf-tytul><\/td>\r\n  <\/tr>\r\n<\/table>\n<table width=\"100%\" style=\"margin-bottom: 10px\">\r\n  <tr>\r\n    <td width=\"40\" style=\"vertical-align:top; padding-top: 3px;\"><img decoding=\"async\" src=\"https:\/\/www.smvictoria.pl\/wp-content\/uploads\/2015\/02\/pdf.png\" style=\"vertical-align:middle;\" \/><\/td>\r\n    <td><pdf-tytul><a href=\"https:\/\/www.smvictoria.pl\/?wpfb_dl=75\">Mapa nieruchomo\u015bci wg struktury w\u0142asno\u015bci<\/a><\/pdf-tytul><\/td>\r\n  <\/tr>\r\n<\/table>\n<table width=\"100%\" style=\"margin-bottom: 10px\">\r\n  <tr>\r\n    <td width=\"40\" style=\"vertical-align:top; padding-top: 3px;\"><img decoding=\"async\" src=\"https:\/\/www.smvictoria.pl\/wp-content\/uploads\/2015\/02\/pdf.png\" style=\"vertical-align:middle;\" \/><\/td>\r\n    <td><pdf-tytul><a href=\"https:\/\/www.smvictoria.pl\/?wpfb_dl=134\">Mapa nieruchomo\u015bci wg sposobu u\u017cytkowania<\/a><\/pdf-tytul><\/td>\r\n  <\/tr>\r\n<\/table>\n&nbsp;<br \/>\n<style>\r\ntable#t87 {\r\n    border-collapse: collapse;\r\n\tborder-width: 0px;\r\n\tborder-style: outset;\r\n\tline-height: 2.0em;\r\n    text-align: center;\r\n    vertical-align: top;width: 100%;border-top: 1px solid #CCCCCC;border-right: 1px solid #CCCCCC;\r\n\t\r\n}\r\ntable#t87 thead tr {\r\n\r\n}\r\ntable#t87 thead tr th.t87 {\r\ncolor: #000000;\r\nbackground: #FFFFFF;\r\nbackground: -moz-linear-gradient(top,  #FFFFFF 0%, #EEEEEE 100%);\r\nbackground: -webkit-gradient(linear, left top, left bottom, color-stop(0%,#FFFFFF), color-stop(100%,#EEEEEE)); \r\nbackground: -webkit-linear-gradient(top,  #FFFFFF 0%,#EEEEEE 100%);\r\nbackground: -o-linear-gradient(top,  #FFFFFF 0%,#EEEEEE 100%);\r\nbackground: -ms-linear-gradient(top,  #FFFFFF 0%,#EEEEEE 100%);\r\nbackground: linear-gradient(to bottom,  #FFFFFF 0%,#EEEEEE 100%);\r\nfilter: progid:DXImageTransform.Microsoft.gradient( startColorstr=\"#FFFFFF\", endColorstr=\"#EEEEEE\",GradientType=0 );\r\nfont-size: 1.0em;\r\nletter-spacing: 0;\r\nline-height: 1.5;\r\npadding: 4px;\r\ntext-transform: none;\r\ntext-align: center;border-bottom: 1px solid #CCCCCC;border-left: 1px solid #CCCCCC;\r\n}\r\n\r\ntable#t87 thead tr th#t87.start {\r\n\r\n}\r\ntable#t87 thead tr th#t87.end {\r\n\r\n}\r\ntable#t87 tbody tr {\r\n    background: none repeat scroll 0 0 #EEEEEE;\r\n}\r\ntable#t87 tbody tr.table-alternate {\r\n    background: none repeat scroll 0 0 #EEEEEE;\r\n}\r\ntable#t87 tbody tr td {\r\n\tcolor: #000000;\r\n    padding: 5px;\r\n\tborder-width: 0px;\r\n\tline-height: 1.2;\r\n\tfont-size: 1.0em;\r\n\tborder-top: medium none;border-bottom: 1px solid #CCCCCC;border-left: 1px solid #CCCCCC;\r\n    text-align: center;\r\n\tvertical-align: middle;\r\n}\r\ntable#t87 tbody tr td#n1 {\r\n\twidth: 40%;\r\n\t}table#t87 tbody tr td#n2 {\r\n\twidth: 15%;\r\n\t}table#t87 tbody tr td#n3 {\r\n\twidth: 15%;\r\n\t}table#t87 tbody tr td#n4 {\r\n\twidth: 15%;\r\n\t}table#t87 tbody tr td#n5 {\r\n\twidth: 15%;\r\n\t}\r\ntable#t87 tbody tr:hover td {\r\n}\r\ntable#t87 tfoot tr {\r\n}\r\n\r\ntable#t87 tfoot tr td {\r\ncolor: #000000;\r\nbackground: #FFFFFF;\r\nbackground: -moz-linear-gradient(top,  #FFFFFF 0%, #EEEEEE 100%);\r\nbackground: -webkit-gradient(linear, left top, left bottom, color-stop(0%,#FFFFFF), color-stop(100%,#EEEEEE)); \r\nbackground: -webkit-linear-gradient(top,  #FFFFFF 0%,#EEEEEE 100%);\r\nbackground: -o-linear-gradient(top,  #FFFFFF 0%,#EEEEEE 100%);\r\nbackground: -ms-linear-gradient(top,  #FFFFFF 0%,#EEEEEE 100%);\r\nbackground: linear-gradient(to bottom,  #FFFFFF 0%,#EEEEEE 100%);\r\nfilter: progid:DXImageTransform.Microsoft.gradient( startColorstr=\"#FFFFFF\", endColorstr=\"#EEEEEE\",GradientType=0 );\r\npadding: 4px;\r\nborder-width: 0px;\r\nfont-size: 1.0em;\r\nborder-top: medium none;\r\ntext-align: center;border-left: 1px solid #CCCCCC;\r\n}\r\n<\/style><table id=\"t87\">\r\n\t\t<thead>\r\n\t\t\t<tr><th scope=\"col\" class=\"t87\" id=\"n1\">Nieruchomo\u015b\u0107<\/th><th scope=\"col\" class=\"t87\" id=\"n2\">Rok<br>budowy<\/th><th scope=\"col\" class=\"t87\" id=\"n3\">Liczba<br>mieszka\u0144<\/th><th scope=\"col\" class=\"t87\" id=\"n4\">Liczba<br>lokali<br>u\u017cytkowych<\/th><th scope=\"col\" class=\"t87\" id=\"n5\">Liczba<br>gara\u017cy<\/th><\/tr><\/thead>\r\n\t<tbody><tr class=\"table-alternate row1\"> <td id=\"n1\" class=\"start\"><a href=\"https:\/\/www.smvictoria.pl\/?wpfb_dl=83\">Os. Alberty\u0144skie 13<\/a><\/td><td id=\"n2\" >1966<\/td><td id=\"n3\" >65<\/td><td id=\"n4\" ><\/td><td id=\"n5\" ><\/td><\/tr><tr class= \"table-noalt row2\"><td id=\"n1\" class=\"start\"><a href=\"https:\/\/www.smvictoria.pl\/?wpfb_dl=85\">Os. Alberty\u0144skie 14<\/a><\/td><td id=\"n2\" >1965<\/td><td id=\"n3\" >67<\/td><td id=\"n4\" ><\/td><td id=\"n5\" ><\/td><\/tr><tr class=\"table-alternate row3\"> <td id=\"n1\" class=\"start\"><a href=\"https:\/\/www.smvictoria.pl\/?wpfb_dl=86\">Os. Alberty\u0144skie 15<\/a><\/td><td id=\"n2\" >1965<\/td><td id=\"n3\" >67<\/td><td id=\"n4\" ><\/td><td id=\"n5\" ><\/td><\/tr><tr class= \"table-noalt row4\"><td id=\"n1\" class=\"start\"><a href=\"https:\/\/www.smvictoria.pl\/?wpfb_dl=87\">Os. Alberty\u0144skie 17<\/a><\/td><td id=\"n2\" >1963<\/td><td id=\"n3\" >75<\/td><td id=\"n4\" ><\/td><td id=\"n5\" >5<\/td><\/tr><tr class=\"table-alternate row5\"> <td id=\"n1\" class=\"start\"><a href=\"https:\/\/www.smvictoria.pl\/?wpfb_dl=88\">Os. Alberty\u0144skie 18<\/a><\/td><td id=\"n2\" >1963<\/td><td id=\"n3\" >75<\/td><td id=\"n4\" ><\/td><td id=\"n5\" >5<\/td><\/tr><tr class= \"table-noalt row6\"><td id=\"n1\" class=\"start\"><a href=\"https:\/\/www.smvictoria.pl\/?wpfb_dl=89\">Os. Alberty\u0144skie 19<\/a><\/td><td id=\"n2\" >1963<\/td><td id=\"n3\" >75<\/td><td id=\"n4\" ><\/td><td id=\"n5\" >5<\/td><\/tr><tr class=\"table-alternate row7\"> <td id=\"n1\" class=\"start\"><a href=\"https:\/\/www.smvictoria.pl\/?wpfb_dl=90\">Os. Alberty\u0144skie 20<\/a><\/td><td id=\"n2\" >1963<\/td><td id=\"n3\" >75<\/td><td id=\"n4\" ><\/td><td id=\"n5\" >5<\/td><\/tr><tr class= \"table-noalt row8\"><td id=\"n1\" class=\"start\"><a href=\"https:\/\/www.smvictoria.pl\/?wpfb_dl=91\">Os. Alberty\u0144skie 21<\/a><\/td><td id=\"n2\" >1967<\/td><td id=\"n3\" >132<\/td><td id=\"n4\" ><\/td><td id=\"n5\" ><\/td><\/tr><tr class=\"table-alternate row9\"> <td id=\"n1\" class=\"start\"><a href=\"https:\/\/www.smvictoria.pl\/?wpfb_dl=91\">Os. Alberty\u0144skie 21a<\/a><\/td><td id=\"n2\" >1967<\/td><td id=\"n3\" ><\/td><td id=\"n4\" ><\/td><td id=\"n5\" >26<\/td><\/tr><tr class= \"table-noalt row10\"><td id=\"n1\" class=\"start\"><a href=\"https:\/\/www.smvictoria.pl\/?wpfb_dl=92\">Os. Alberty\u0144skie 30<\/a><\/td><td id=\"n2\" >1966<\/td><td id=\"n3\" >132<\/td><td id=\"n4\" ><\/td><td id=\"n5\" >4<\/td><\/tr><tr class=\"table-alternate row11\"> <td id=\"n1\" class=\"start\"><a href=\"https:\/\/www.smvictoria.pl\/?wpfb_dl=93\">Os. Alberty\u0144skie 34<\/a><\/td><td id=\"n2\" >1964<\/td><td id=\"n3\" >60<\/td><td id=\"n4\" ><\/td><td id=\"n5\" >4<\/td><\/tr><tr class= \"table-noalt row12\"><td id=\"n1\" class=\"start\"><a href=\"https:\/\/www.smvictoria.pl\/?wpfb_dl=94\">Os. Alberty\u0144skie 35<\/a><\/td><td id=\"n2\" >1964<\/td><td id=\"n3\" >60<\/td><td id=\"n4\" ><\/td><td id=\"n5\" ><\/td><\/tr><tr class=\"table-alternate row13\"> <td id=\"n1\" class=\"start\"><a href=\"https:\/\/www.smvictoria.pl\/?wpfb_dl=95\">Os. Alberty\u0144skie 37<\/a><\/td><td id=\"n2\" >1977<\/td><td id=\"n3\" >100<\/td><td id=\"n4\" ><\/td><td id=\"n5\" ><\/td><\/tr><tr class= \"table-noalt row14\"><td id=\"n1\" class=\"start\"><a href=\"https:\/\/www.smvictoria.pl\/?wpfb_dl=96\">Os. Alberty\u0144skie 38<\/a><\/td><td id=\"n2\" >1977<\/td><td id=\"n3\" >130<\/td><td id=\"n4\" ><\/td><td id=\"n5\" ><\/td><\/tr><tr class=\"table-alternate row15\"> <td id=\"n1\" class=\"start\">Os. Ko\u015bciuszkowskie 3a<\/td><td id=\"n2\" >1978<\/td><td id=\"n3\" ><\/td><td id=\"n4\" ><\/td><td id=\"n5\" >20<\/td><\/tr><tr class= \"table-noalt row16\"><td id=\"n1\" class=\"start\"><a href=\"https:\/\/www.smvictoria.pl\/?wpfb_dl=122\">Os. Ko\u015bciuszkowskie 5<\/a><\/td><td id=\"n2\" >1973<\/td><td id=\"n3\" ><\/td><td id=\"n4\" >26<\/td><td id=\"n5\" ><\/td><\/tr><tr class=\"table-alternate row17\"> <td id=\"n1\" class=\"start\"><a href=\"https:\/\/www.smvictoria.pl\/?wpfb_dl=78\">Os. Ko\u015bciuszkowskie 6<\/a><\/td><td id=\"n2\" >1973<\/td><td id=\"n3\" >474<\/td><td id=\"n4\" >9<\/td><td id=\"n5\" ><\/td><\/tr><tr class= \"table-noalt row18\"><td id=\"n1\" class=\"start\"><a href=\"https:\/\/www.smvictoria.pl\/?wpfb_dl=80\">Os. Ko\u015bciuszkowskie 9<\/a><\/td><td id=\"n2\" >1973<\/td><td id=\"n3\" >166<\/td><td id=\"n4\" ><\/td><td id=\"n5\" ><\/td><\/tr><tr class=\"table-alternate row19\"> <td id=\"n1\" class=\"start\"><a href=\"https:\/\/www.smvictoria.pl\/?wpfb_dl=81\">Os. Ko\u015bciuszkowskie 10<\/a><\/td><td id=\"n2\" >1973<\/td><td id=\"n3\" >167<\/td><td id=\"n4\" ><\/td><td id=\"n5\" ><\/td><\/tr><tr class= \"table-noalt row20\"><td id=\"n1\" class=\"start\"><a href=\"https:\/\/www.smvictoria.pl\/?wpfb_dl=82\">Os. Ko\u015bciuszkowskie 11<\/a><\/td><td id=\"n2\" >1973<\/td><td id=\"n3\" >166<\/td><td id=\"n4\" ><\/td><td id=\"n5\" ><\/td><\/tr><tr class=\"table-alternate row21\"> <td id=\"n1\" class=\"start\"><a href=\"https:\/\/www.smvictoria.pl\/?wpfb_dl=123\">Os. Niepodleg\u0142o\u015bci 3<\/a><\/td><td id=\"n2\" >1974<\/td><td id=\"n3\" ><\/td><td id=\"n4\" >27<\/td><td id=\"n5\" ><\/td><\/tr><tr class= \"table-noalt row22\"><td id=\"n1\" class=\"start\"><a href=\"https:\/\/www.smvictoria.pl\/?wpfb_dl=97\">Os. Niepodleg\u0142o\u015bci 5<\/a><\/td><td id=\"n2\" >1974<\/td><td id=\"n3\" >218<\/td><td id=\"n4\" ><\/td><td id=\"n5\" ><\/td><\/tr><tr class=\"table-alternate row23\"> <td id=\"n1\" class=\"start\"><a href=\"https:\/\/www.smvictoria.pl\/?wpfb_dl=98\">Os. Niepodleg\u0142o\u015bci 6<\/a><\/td><td id=\"n2\" >1974<\/td><td id=\"n3\" >217<\/td><td id=\"n4\" ><\/td><td id=\"n5\" ><\/td><\/tr><tr class= \"table-noalt row24\"><td id=\"n1\" class=\"start\"><a href=\"https:\/\/www.smvictoria.pl\/?wpfb_dl=99\">Os. Niepodleg\u0142o\u015bci 7<\/a><\/td><td id=\"n2\" >1974<\/td><td id=\"n3\" >60<\/td><td id=\"n4\" ><\/td><td id=\"n5\" ><\/td><\/tr><tr class=\"table-alternate row25\"> <td id=\"n1\" class=\"start\"><a href=\"https:\/\/www.smvictoria.pl\/?wpfb_dl=100\">Os. Niepodleg\u0142o\u015bci 8<\/a><\/td><td id=\"n2\" >1974<\/td><td id=\"n3\" >150<\/td><td id=\"n4\" ><\/td><td id=\"n5\" ><\/td><\/tr><tr class= \"table-noalt row26\"><td id=\"n1\" class=\"start\">Os. Niepodleg\u0142o\u015bci 8a<\/td><td id=\"n2\" >1974<\/td><td id=\"n3\" ><\/td><td id=\"n4\" >1<\/td><td id=\"n5\" ><\/td><\/tr><tr class=\"table-alternate row27\"> <td id=\"n1\" class=\"start\"><a href=\"https:\/\/www.smvictoria.pl\/?wpfb_dl=124\">Os. Niepodleg\u0142o\u015bci 9<\/a><\/td><td id=\"n2\" >1974<\/td><td id=\"n3\" >75<\/td><td id=\"n4\" ><\/td><td id=\"n5\" ><\/td><\/tr><tr class= \"table-noalt row28\"><td id=\"n1\" class=\"start\">Os. Niepodleg\u0142o\u015bci 9a<\/td><td id=\"n2\" >1974<\/td><td id=\"n3\" ><\/td><td id=\"n4\" >1<\/td><td id=\"n5\" ><\/td><\/tr><tr class=\"table-alternate row29\"> <td id=\"n1\" class=\"start\"><a href=\"https:\/\/www.smvictoria.pl\/?wpfb_dl=101\">Os. Niepodleg\u0142o\u015bci 10<\/a><\/td><td id=\"n2\" >1976<\/td><td id=\"n3\" >29<\/td><td id=\"n4\" ><\/td><td id=\"n5\" ><\/td><\/tr><tr class= \"table-noalt row30\"><td id=\"n1\" class=\"start\"><a href=\"https:\/\/www.smvictoria.pl\/?wpfb_dl=102\">Os. Niepodleg\u0142o\u015bci 11<\/a><\/td><td id=\"n2\" >1976<\/td><td id=\"n3\" >30<\/td><td id=\"n4\" ><\/td><td id=\"n5\" ><\/td><\/tr><tr class=\"table-alternate row31\"> <td id=\"n1\" class=\"start\"><a href=\"https:\/\/www.smvictoria.pl\/?wpfb_dl=103\">Os. Niepodleg\u0142o\u015bci 12<\/a><\/td><td id=\"n2\" >1976<\/td><td id=\"n3\" >30<\/td><td id=\"n4\" ><\/td><td id=\"n5\" ><\/td><\/tr><tr class= \"table-noalt row32\"><td id=\"n1\" class=\"start\"><a href=\"https:\/\/www.smvictoria.pl\/?wpfb_dl=104\">Os. Niepodleg\u0142o\u015bci 13<\/a><\/td><td id=\"n2\" >1976<\/td><td id=\"n3\" >30<\/td><td id=\"n4\" ><\/td><td id=\"n5\" ><\/td><\/tr><tr class=\"table-alternate row33\"> <td id=\"n1\" class=\"start\"><a href=\"https:\/\/www.smvictoria.pl\/?wpfb_dl=105\">Os. Niepodleg\u0142o\u015bci 14<\/a><\/td><td id=\"n2\" >1976<\/td><td id=\"n3\" >30<\/td><td id=\"n4\" ><\/td><td id=\"n5\" ><\/td><\/tr><tr class= \"table-noalt row34\"><td id=\"n1\" class=\"start\"><a href=\"https:\/\/www.smvictoria.pl\/?wpfb_dl=106\">Os. Niepodleg\u0142o\u015bci 15<\/a><\/td><td id=\"n2\" >1976<\/td><td id=\"n3\" >29<\/td><td id=\"n4\" ><\/td><td id=\"n5\" ><\/td><\/tr><tr class=\"table-alternate row35\"> <td id=\"n1\" class=\"start\"><a href=\"https:\/\/www.smvictoria.pl\/?wpfb_dl=1664\">Os. Niepodleg\u0142o\u015bci 16<\/a><\/td><td id=\"n2\" >1976<\/td><td id=\"n3\" >30<\/td><td id=\"n4\" ><\/td><td id=\"n5\" ><\/td><\/tr><tr class= \"table-noalt row36\"><td id=\"n1\" class=\"start\"><a href=\"https:\/\/www.smvictoria.pl\/?wpfb_dl=108\">Os. Niepodleg\u0142o\u015bci 17<\/a><\/td><td id=\"n2\" >1976<\/td><td id=\"n3\" >30<\/td><td id=\"n4\" ><\/td><td id=\"n5\" ><\/td><\/tr><tr class=\"table-alternate row37\"> <td id=\"n1\" class=\"start\"><a href=\"https:\/\/www.smvictoria.pl\/?wpfb_dl=109\">Os. Niepodleg\u0142o\u015bci 18<\/a><\/td><td id=\"n2\" >1976<\/td><td id=\"n3\" >30<\/td><td id=\"n4\" ><\/td><td id=\"n5\" ><\/td><\/tr><tr class= \"table-noalt row38\"><td id=\"n1\" class=\"start\"><a href=\"https:\/\/www.smvictoria.pl\/?wpfb_dl=114\">Os. Kolorowe 4<\/a><\/td><td id=\"n2\" >1959<\/td><td id=\"n3\" >21<\/td><td id=\"n4\" ><\/td><td id=\"n5\" ><\/td><\/tr><tr class=\"table-alternate row39\"> <td id=\"n1\" class=\"start\"><a href=\"https:\/\/www.smvictoria.pl\/?wpfb_dl=115\">Os. Kolorowe 6<\/a><\/td><td id=\"n2\" >1960<\/td><td id=\"n3\" >21<\/td><td id=\"n4\" ><\/td><td id=\"n5\" ><\/td><\/tr><tr class= \"table-noalt row40\"><td id=\"n1\" class=\"start\"><a href=\"https:\/\/www.smvictoria.pl\/?wpfb_dl=116\">Os. Kolorowe 8<\/a><\/td><td id=\"n2\" >1959<\/td><td id=\"n3\" >76<\/td><td id=\"n4\" ><\/td><td id=\"n5\" ><\/td><\/tr><tr class=\"table-alternate row41\"> <td id=\"n1\" class=\"start\"><a href=\"https:\/\/www.smvictoria.pl\/?wpfb_dl=117\">Os. Kolorowe 9<\/a><\/td><td id=\"n2\" >1960<\/td><td id=\"n3\" >75<\/td><td id=\"n4\" ><\/td><td id=\"n5\" ><\/td><\/tr><tr class= \"table-noalt row42\"><td id=\"n1\" class=\"start\"><a href=\"https:\/\/www.smvictoria.pl\/?wpfb_dl=118\">Os. Kolorowe 11a<\/a><\/td><td id=\"n2\" >1979<\/td><td id=\"n3\" >83<\/td><td id=\"n4\" >6<\/td><td id=\"n5\" ><\/td><\/tr><tr class=\"table-alternate row43\"> <td id=\"n1\" class=\"start\"><a href=\"https:\/\/www.smvictoria.pl\/?wpfb_dl=118\">Os. Kolorowe 11b<\/a><\/td><td id=\"n2\" >1979<\/td><td id=\"n3\" ><\/td><td id=\"n4\" ><\/td><td id=\"n5\" >20<\/td><\/tr><tr class= \"table-noalt row44\"><td id=\"n1\" class=\"start\"><a href=\"https:\/\/www.smvictoria.pl\/?wpfb_dl=119\">Os. Kolorowe 43<\/a><\/td><td id=\"n2\" >1975<\/td><td id=\"n3\" >40<\/td><td id=\"n4\" ><\/td><td id=\"n5\" ><\/td><\/tr><tr class=\"table-alternate row45\"> <td id=\"n1\" class=\"start\"><a href=\"https:\/\/www.smvictoria.pl\/?wpfb_dl=120\">Os. Kolorowe 44<\/a><\/td><td id=\"n2\" >1975<\/td><td id=\"n3\" >40<\/td><td id=\"n4\" ><\/td><td id=\"n5\" ><\/td><\/tr><tr class= \"table-noalt row46\"><td id=\"n1\" class=\"start\"><a href=\"https:\/\/www.smvictoria.pl\/?wpfb_dl=121\">Os. Kolorowe 45<\/a><\/td><td id=\"n2\" >1975<\/td><td id=\"n3\" >60<\/td><td id=\"n4\" ><\/td><td id=\"n5\" ><\/td><\/tr><tr class=\"table-alternate row47\"> <td id=\"n1\" class=\"start\"><a href=\"https:\/\/www.smvictoria.pl\/?wpfb_dl=111\">Os. Sp\u00f3\u0142dzielcze 12<\/a><\/td><td id=\"n2\" >1958<\/td><td id=\"n3\" >48<\/td><td id=\"n4\" ><\/td><td id=\"n5\" ><\/td><\/tr><tr class= \"table-noalt row48\"><td id=\"n1\" class=\"start\"><a href=\"https:\/\/www.smvictoria.pl\/?wpfb_dl=112\">Os. Sp\u00f3\u0142dzielcze 13<\/a><\/td><td id=\"n2\" >1958<\/td><td id=\"n3\" >58<\/td><td id=\"n4\" ><\/td><td id=\"n5\" ><\/td><\/tr><tr class=\"table-alternate row49\"> <td id=\"n1\" class=\"start\">Os. Sp\u00f3\u0142dzielcze 13a<\/td><td id=\"n2\" >1958<\/td><td id=\"n3\" ><\/td><td id=\"n4\" ><\/td><td id=\"n5\" >26<\/td><\/tr><tr class= \"table-noalt row50\"><td id=\"n1\" class=\"start\"><a href=\"https:\/\/www.smvictoria.pl\/?wpfb_dl=113\">Os. Sp\u00f3\u0142dzielcze 16<\/a><\/td><td id=\"n2\" >1958<\/td><td id=\"n3\" >42<\/td><td id=\"n4\" ><\/td><td id=\"n5\" ><\/td><\/tr><tr class=\"table-alternate row51\"> <td id=\"n1\" class=\"start\">Os. Dywizjonu 303 - zesp. 1<\/td><td id=\"n2\" >1987 i 1992<\/td><td id=\"n3\" ><\/td><td id=\"n4\" ><\/td><td id=\"n5\" >101<\/td><\/tr><tr class= \"table-noalt row52\"><td id=\"n1\" class=\"start\">Os. Dywizjonu 303 - zesp. 2<\/td><td id=\"n2\" >1987 i 1992<\/td><td id=\"n3\" ><\/td><td id=\"n4\" ><\/td><td id=\"n5\" >96<\/td><\/tr><tr class=\"table-alternate row53\"> <td id=\"n1\" class=\"start\">Os. Dywizjonu 303 - zesp. 3<\/td><td id=\"n2\" >1987 i 1992<\/td><td id=\"n3\" ><\/td><td id=\"n4\" ><\/td><td id=\"n5\" >49<\/td><\/tr><tr class= \"table-noalt row54\"><td id=\"n1\" class=\"start\"><br><b>OG\u00d3\u0141EM<\/b><\/td><td id=\"n2\" ><\/td><td id=\"n3\" ><br><b>3638<\/b><\/td><td id=\"n4\" ><br><b>70<\/b><\/td><td id=\"n5\" ><br><b>366<\/b><\/td><\/tr><\/tbody><\/table>\n","protected":false},"excerpt":{"rendered":"<p>Zasoby Sp\u00f3\u0142dzielni Mieszkaniowej &#8222;Victoria&#8221; w Krakowie po\u0142o\u017cone s\u0105 na terenie dw\u00f3ch dzielnic Krakowa: Dzielnicy XVI Bie\u0144czyce oraz Dzielnicy XVIII Nowa Huta. Sp\u00f3\u0142dzielnia zarz\u0105dza 42 budynkami mieszkalnymi, 2 pawilonami us\u0142ugowymi oraz 7 zespo\u0142ami gara\u017cowymi, zlokalizowanymi na terenie 5 osiedli: Os. Alberty\u0144skie, Os. Kolorowe, Os. Ko\u015bciuszkowskie, Os. Niepodleg\u0142o\u015bci, Os. Sp\u00f3\u0142dzielcze, Os. Dywizjonu 303 (gara\u017ce). W zasobach Sp\u00f3\u0142dzielni [&hellip;]<\/p>\n","protected":false},"author":1,"featured_media":0,"parent":6665,"menu_order":1,"comment_status":"closed","ping_status":"closed","template":"","meta":{"ngg_post_thumbnail":0,"footnotes":""},"class_list":["post-114","page","type-page","status-publish","hentry"],"_links":{"self":[{"href":"https:\/\/www.smvictoria.pl\/index.php?rest_route=\/wp\/v2\/pages\/114","targetHints":{"allow":["GET"]}}],"collection":[{"href":"https:\/\/www.smvictoria.pl\/index.php?rest_route=\/wp\/v2\/pages"}],"about":[{"href":"https:\/\/www.smvictoria.pl\/index.php?rest_route=\/wp\/v2\/types\/page"}],"author":[{"embeddable":true,"href":"https:\/\/www.smvictoria.pl\/index.php?rest_route=\/wp\/v2\/users\/1"}],"replies":[{"embeddable":true,"href":"https:\/\/www.smvictoria.pl\/index.php?rest_route=%2Fwp%2Fv2%2Fcomments&post=114"}],"version-history":[{"count":18,"href":"https:\/\/www.smvictoria.pl\/index.php?rest_route=\/wp\/v2\/pages\/114\/revisions"}],"predecessor-version":[{"id":6853,"href":"https:\/\/www.smvictoria.pl\/index.php?rest_route=\/wp\/v2\/pages\/114\/revisions\/6853"}],"up":[{"embeddable":true,"href":"https:\/\/www.smvictoria.pl\/index.php?rest_route=\/wp\/v2\/pages\/6665"}],"wp:attachment":[{"href":"https:\/\/www.smvictoria.pl\/index.php?rest_route=%2Fwp%2Fv2%2Fmedia&parent=114"}],"curies":[{"name":"wp","href":"https:\/\/api.w.org\/{rel}","templated":true}]}}