{"id":1293,"date":"2021-12-30T09:25:16","date_gmt":"2015-04-02T06:19:59","guid":{"rendered":"http:\/\/www.smvictoria.pl\/?page_id=1293"},"modified":"2024-02-08T22:39:56","modified_gmt":"2024-02-08T21:39:56","slug":"remonty-i-media","status":"publish","type":"page","link":"https:\/\/www.smvictoria.pl\/?page_id=1293","title":{"rendered":"GKR, remonty i rozliczenia"},"content":{"rendered":"<div id=\"wpmem_restricted_msg\"><p><\/br><p align=\"middle\"><img src=\"https:\/\/www.smvictoria.pl\/wp-content\/uploads\/lock.png\"><\/p>\r\n<\/br>\r\nTa tre\u015b\u0107 przeznaczona jest wy\u0142\u0105cznie dla cz\u0142onk\u00f3w Sp\u00f3\u0142dzielni Mieszkaniowej \"Victoria\" w Krakowie.\r\n<\/br>\r\n<\/br>\r\n<\/br>\r\n\r\nZaloguj si\u0119, wpisuj\u0105c w okienku logowania:<\/br> \r\n<\/br>\r\n<b>U\u017cytkownik:<\/b><\/br>\r\nnazwisko i imi\u0119 (np. KOWALSKI JAN)<\/br>\r\n<\/br>\r\n<b>Has\u0142o:<\/b><\/br>\r\nczterocyfrowy numer cz\u0142onkowski (np. 1234), podany np. w zawiadomieniu o zmianie op\u0142at.<\/p><\/div>","protected":false},"excerpt":{"rendered":"<p>Ta tre\u015b\u0107 przeznaczona jest wy\u0142\u0105cznie dla cz\u0142onk\u00f3w Sp\u00f3\u0142dzielni Mieszkaniowej &#8222;Victoria&#8221; w Krakowie. Zaloguj si\u0119, wpisuj\u0105c w okienku logowania: U\u017cytkownik: nazwisko i imi\u0119 (np. KOWALSKI JAN) Has\u0142o: czterocyfrowy numer cz\u0142onkowski (np. 1234), podany np. w zawiadomieniu o zmianie op\u0142at.<\/p>\n","protected":false},"author":1,"featured_media":0,"parent":6665,"menu_order":4,"comment_status":"closed","ping_status":"closed","template":"","meta":{"ngg_post_thumbnail":0,"footnotes":""},"class_list":["post-1293","page","type-page","status-publish","hentry"],"_links":{"self":[{"href":"https:\/\/www.smvictoria.pl\/index.php?rest_route=\/wp\/v2\/pages\/1293","targetHints":{"allow":["GET"]}}],"collection":[{"href":"https:\/\/www.smvictoria.pl\/index.php?rest_route=\/wp\/v2\/pages"}],"about":[{"href":"https:\/\/www.smvictoria.pl\/index.php?rest_route=\/wp\/v2\/types\/page"}],"author":[{"embeddable":true,"href":"https:\/\/www.smvictoria.pl\/index.php?rest_route=\/wp\/v2\/users\/1"}],"replies":[{"embeddable":true,"href":"https:\/\/www.smvictoria.pl\/index.php?rest_route=%2Fwp%2Fv2%2Fcomments&post=1293"}],"version-history":[{"count":79,"href":"https:\/\/www.smvictoria.pl\/index.php?rest_route=\/wp\/v2\/pages\/1293\/revisions"}],"predecessor-version":[{"id":6950,"href":"https:\/\/www.smvictoria.pl\/index.php?rest_route=\/wp\/v2\/pages\/1293\/revisions\/6950"}],"up":[{"embeddable":true,"href":"https:\/\/www.smvictoria.pl\/index.php?rest_route=\/wp\/v2\/pages\/6665"}],"wp:attachment":[{"href":"https:\/\/www.smvictoria.pl\/index.php?rest_route=%2Fwp%2Fv2%2Fmedia&parent=1293"}],"curies":[{"name":"wp","href":"https:\/\/api.w.org\/{rel}","templated":true}]}}