{"id":269,"date":"2021-12-30T09:25:16","date_gmt":"2016-07-05T06:25:06","guid":{"rendered":"http:\/\/comnet2.compower.pl\/victoria\/?page_id=269"},"modified":"2026-05-08T13:55:18","modified_gmt":"2026-05-08T11:55:18","slug":"druki-do-pobrania","status":"publish","type":"page","link":"https:\/\/www.smvictoria.pl\/?page_id=269","title":{"rendered":"Druki do pobrania"},"content":{"rendered":"<p>&nbsp;<\/p>\n<table width=\"100%\" style=\"margin-bottom: 10px\">\r\n  <tr>\r\n    <td width=\"40\" style=\"vertical-align:top; padding-top: 3px;\"><img decoding=\"async\" src=\"https:\/\/www.smvictoria.pl\/wp-content\/uploads\/2015\/02\/pdf.png\" style=\"vertical-align:middle;\" \/><\/td>\r\n    <td><pdf-tytul><a href=\"https:\/\/www.smvictoria.pl\/?wpfb_dl=1710\">1. O\u015bwiadczenie o ponownym drukowaniu ksia\u017ceczki mieszkaniowej.<\/a><\/pdf-tytul><\/td>\r\n  <\/tr>\r\n<\/table>\n<table width=\"100%\" style=\"margin-bottom: 10px\">\r\n  <tr>\r\n    <td width=\"40\" style=\"vertical-align:top; padding-top: 3px;\"><img decoding=\"async\" src=\"https:\/\/www.smvictoria.pl\/wp-content\/uploads\/2015\/02\/pdf.png\" style=\"vertical-align:middle;\" \/><\/td>\r\n    <td><pdf-tytul><a href=\"https:\/\/www.smvictoria.pl\/?wpfb_dl=1530\">O\u015bwiadczenie O Posiadaniu Karty Du\u017cej Rodziny<\/a><\/pdf-tytul><\/td>\r\n  <\/tr>\r\n<\/table>\n<table width=\"100%\" style=\"margin-bottom: 10px\">\r\n  <tr>\r\n    <td width=\"40\" style=\"vertical-align:top; padding-top: 3px;\"><img decoding=\"async\" src=\"https:\/\/www.smvictoria.pl\/wp-content\/uploads\/2015\/02\/pdf.png\" style=\"vertical-align:middle;\" \/><\/td>\r\n    <td><pdf-tytul><a href=\"https:\/\/www.smvictoria.pl\/?wpfb_dl=1274\">3. Wniosek o ustanowienie i przeniesienie odr\u0119bnej w\u0142asno\u015bci lokalu<\/a><\/pdf-tytul><\/td>\r\n  <\/tr>\r\n<\/table>\n<table width=\"100%\" style=\"margin-bottom: 10px\">\r\n  <tr>\r\n    <td width=\"40\" style=\"vertical-align:top; padding-top: 3px;\"><img decoding=\"async\" src=\"https:\/\/www.smvictoria.pl\/wp-content\/uploads\/2015\/02\/pdf.png\" style=\"vertical-align:middle;\" \/><\/td>\r\n    <td><pdf-tytul><a href=\"https:\/\/www.smvictoria.pl\/?wpfb_dl=1272\">4. O\u015bwiadczenie Wsp\u00f3\u0142w\u0142a\u015bcicieli.<\/a><\/pdf-tytul><\/td>\r\n  <\/tr>\r\n<\/table>\n<table width=\"100%\" style=\"margin-bottom: 10px\">\r\n  <tr>\r\n    <td width=\"40\" style=\"vertical-align:top; padding-top: 3px;\"><img decoding=\"async\" src=\"https:\/\/www.smvictoria.pl\/wp-content\/uploads\/2015\/02\/pdf.png\" style=\"vertical-align:middle;\" \/><\/td>\r\n    <td><pdf-tytul><a href=\"https:\/\/www.smvictoria.pl\/?wpfb_dl=1271\">5. O\u015bwiadczenie o nie przystapieniu do Sp\u00f3\u0142dzielni.<\/a><\/pdf-tytul><\/td>\r\n  <\/tr>\r\n<\/table>\n<table width=\"100%\" style=\"margin-bottom: 10px\">\r\n  <tr>\r\n    <td width=\"40\" style=\"vertical-align:top; padding-top: 3px;\"><img decoding=\"async\" src=\"https:\/\/www.smvictoria.pl\/wp-content\/uploads\/2015\/02\/pdf.png\" style=\"vertical-align:middle;\" \/><\/td>\r\n    <td><pdf-tytul><a href=\"https:\/\/www.smvictoria.pl\/?wpfb_dl=1270\">6. O\u015bwiadczenie uzyskania cz\u0142onkostwa z mocy usm Sp.w I<\/a><\/pdf-tytul><\/td>\r\n  <\/tr>\r\n<\/table>\n<table width=\"100%\" style=\"margin-bottom: 10px\">\r\n  <tr>\r\n    <td width=\"40\" style=\"vertical-align:top; padding-top: 3px;\"><img decoding=\"async\" src=\"https:\/\/www.smvictoria.pl\/wp-content\/uploads\/2015\/02\/pdf.png\" style=\"vertical-align:middle;\" \/><\/td>\r\n    <td><pdf-tytul><a href=\"https:\/\/www.smvictoria.pl\/?wpfb_dl=1269\">7.  Deklaracja przystapienia do Sp\u00f3\u0142dzielni wraz z wnioskiem<\/a><\/pdf-tytul><\/td>\r\n  <\/tr>\r\n<\/table>\n<table width=\"100%\" style=\"margin-bottom: 10px\">\r\n  <tr>\r\n    <td width=\"40\" style=\"vertical-align:top; padding-top: 3px;\"><img decoding=\"async\" src=\"https:\/\/www.smvictoria.pl\/wp-content\/uploads\/2015\/02\/pdf.png\" style=\"vertical-align:middle;\" \/><\/td>\r\n    <td><pdf-tytul><a href=\"https:\/\/www.smvictoria.pl\/?wpfb_dl=1268\">8. O\u015bwiadczenie rezygnacji z ksi\u0105\u017ceczki mieszkaniowej<\/a><\/pdf-tytul><\/td>\r\n  <\/tr>\r\n<\/table>\n<table width=\"100%\" style=\"margin-bottom: 10px\">\r\n  <tr>\r\n    <td width=\"40\" style=\"vertical-align:top; padding-top: 3px;\"><img decoding=\"async\" src=\"https:\/\/www.smvictoria.pl\/wp-content\/uploads\/2015\/02\/pdf.png\" style=\"vertical-align:middle;\" \/><\/td>\r\n    <td><pdf-tytul><a href=\"https:\/\/www.smvictoria.pl\/?wpfb_dl=1267\">9. O\u015bwiadczenie o liczbie os\u00f3b zamieszka\u0142ych w lokalu.<\/a><\/pdf-tytul><\/td>\r\n  <\/tr>\r\n<\/table>\n\n<table width=\"100%\" style=\"margin-bottom: 10px\">\r\n  <tr>\r\n    <td width=\"40\" style=\"vertical-align:top; padding-top: 3px;\"><img decoding=\"async\" src=\"https:\/\/www.smvictoria.pl\/wp-content\/uploads\/2015\/02\/pdf.png\" style=\"vertical-align:middle;\" \/><\/td>\r\n    <td><pdf-tytul><a href=\"https:\/\/www.smvictoria.pl\/?wpfb_dl=1264\">10.  Wniosek o dost\u0119p do  E-czynsze<\/a><\/pdf-tytul><\/td>\r\n  <\/tr>\r\n<\/table>\n<table width=\"100%\" style=\"margin-bottom: 10px\">\r\n  <tr>\r\n    <td width=\"40\" style=\"vertical-align:top; padding-top: 3px;\"><img decoding=\"async\" src=\"https:\/\/www.smvictoria.pl\/wp-content\/uploads\/2015\/02\/pdf.png\" style=\"vertical-align:middle;\" \/><\/td>\r\n    <td><pdf-tytul><a href=\"https:\/\/www.smvictoria.pl\/?wpfb_dl=1258\">11. Wniosek o wynaj\u0119cie pomieszczenia dodatkowego.<\/a><\/pdf-tytul><\/td>\r\n  <\/tr>\r\n<\/table>\n<table width=\"100%\" style=\"margin-bottom: 10px\">\r\n  <tr>\r\n    <td width=\"40\" style=\"vertical-align:top; padding-top: 3px;\"><img decoding=\"async\" src=\"https:\/\/www.smvictoria.pl\/wp-content\/uploads\/2015\/02\/pdf.png\" style=\"vertical-align:middle;\" \/><\/td>\r\n    <td><pdf-tytul><a href=\"https:\/\/www.smvictoria.pl\/?wpfb_dl=1257\">12. Wniosek o wydanie identyfikatora na parkowanie pojazdu.<\/a><\/pdf-tytul><\/td>\r\n  <\/tr>\r\n<\/table>\n\n\n<table width=\"100%\" style=\"margin-bottom: 10px\">\r\n  <tr>\r\n    <td width=\"40\" style=\"vertical-align:top; padding-top: 3px;\"><img decoding=\"async\" src=\"https:\/\/www.smvictoria.pl\/wp-content\/uploads\/2015\/02\/pdf.png\" style=\"vertical-align:middle;\" \/><\/td>\r\n    <td><pdf-tytul><a href=\"https:\/\/www.smvictoria.pl\/?wpfb_dl=128\">13. O\u015bwiadczenie w\/s wadium.<\/a><\/pdf-tytul><\/td>\r\n  <\/tr>\r\n<\/table>\n\n\n<table width=\"100%\" style=\"margin-bottom: 10px\">\r\n  <tr>\r\n    <td width=\"40\" style=\"vertical-align:top; padding-top: 3px;\"><img decoding=\"async\" src=\"https:\/\/www.smvictoria.pl\/wp-content\/uploads\/2015\/02\/pdf.png\" style=\"vertical-align:middle;\" \/><\/td>\r\n    <td><pdf-tytul><a href=\"https:\/\/www.smvictoria.pl\/?wpfb_dl=662\">14. O\u015bwiadczenie - rezygnacja z cz\u0142onkostwa.<\/a><\/pdf-tytul><\/td>\r\n  <\/tr>\r\n<\/table>\n\n\n\n<table width=\"100%\" style=\"margin-bottom: 10px\">\r\n  <tr>\r\n    <td width=\"40\" style=\"vertical-align:top; padding-top: 3px;\"><img decoding=\"async\" src=\"https:\/\/www.smvictoria.pl\/wp-content\/uploads\/2015\/02\/pdf.png\" style=\"vertical-align:middle;\" \/><\/td>\r\n    <td><pdf-tytul><a href=\"https:\/\/www.smvictoria.pl\/?wpfb_dl=588\">15. Wniosek o udost\u0119pnienie dokument\u00f3w.<\/a><\/pdf-tytul><\/td>\r\n  <\/tr>\r\n<\/table>\n\n\n<table width=\"100%\" style=\"margin-bottom: 10px\">\r\n  <tr>\r\n    <td width=\"40\" style=\"vertical-align:top; padding-top: 3px;\"><img decoding=\"async\" src=\"https:\/\/www.smvictoria.pl\/wp-content\/uploads\/2015\/02\/pdf.png\" style=\"vertical-align:middle;\" \/><\/td>\r\n    <td><pdf-tytul><a href=\"https:\/\/www.smvictoria.pl\/?wpfb_dl=1811\">16. Pe\u0142nomocnictwo -  Zebrnie Osiedla<\/a><\/pdf-tytul><\/td>\r\n  <\/tr>\r\n<\/table>\n<table width=\"100%\" style=\"margin-bottom: 10px\">\r\n  <tr>\r\n    <td width=\"40\" style=\"vertical-align:top; padding-top: 3px;\"><img decoding=\"async\" src=\"https:\/\/www.smvictoria.pl\/wp-content\/uploads\/2015\/02\/pdf.png\" style=\"vertical-align:middle;\" \/><\/td>\r\n    <td><pdf-tytul><a href=\"https:\/\/www.smvictoria.pl\/?wpfb_dl=2201\">17. Wniosek o wydanie za\u015bwiadczenia do Urz\u0119du Skarbowego o wysoko\u015bci wp\u0142at na fundusz remontowy (ulga na zabytki)<\/a><\/pdf-tytul><\/td>\r\n  <\/tr>\r\n<\/table>\n\n<table width=\"100%\" style=\"margin-bottom: 10px\">\r\n  <tr>\r\n    <td width=\"40\" style=\"vertical-align:top; padding-top: 3px;\"><img decoding=\"async\" src=\"https:\/\/www.smvictoria.pl\/wp-content\/uploads\/2015\/02\/pdf.png\" style=\"vertical-align:middle;\" \/><\/td>\r\n    <td><pdf-tytul><a href=\"https:\/\/www.smvictoria.pl\/?wpfb_dl=2165\">18. O\u015bwiadczenie o wyra\u017ceniu zgody na komunikacj\u0119 drog\u0105 elektroniczn\u0105<\/a><\/pdf-tytul><\/td>\r\n  <\/tr>\r\n<\/table>\n<table width=\"100%\" style=\"margin-bottom: 10px\">\r\n  <tr>\r\n    <td width=\"40\" style=\"vertical-align:top; padding-top: 3px;\"><img decoding=\"async\" src=\"https:\/\/www.smvictoria.pl\/wp-content\/uploads\/2015\/02\/pdf.png\" style=\"vertical-align:middle;\" \/><\/td>\r\n    <td><pdf-tytul><a href=\"https:\/\/www.smvictoria.pl\/?wpfb_dl=2669\">19. Wniosek o wydanie pilota +o\u015bwiadczenie<\/a><\/pdf-tytul><\/td>\r\n  <\/tr>\r\n<\/table>\n<p>&nbsp;<\/p>\n","protected":false},"excerpt":{"rendered":"<p>&nbsp; &nbsp;<\/p>\n","protected":false},"author":1,"featured_media":0,"parent":6665,"menu_order":3,"comment_status":"closed","ping_status":"closed","template":"","meta":{"ngg_post_thumbnail":0,"footnotes":""},"class_list":["post-269","page","type-page","status-publish","hentry"],"_links":{"self":[{"href":"https:\/\/www.smvictoria.pl\/index.php?rest_route=\/wp\/v2\/pages\/269","targetHints":{"allow":["GET"]}}],"collection":[{"href":"https:\/\/www.smvictoria.pl\/index.php?rest_route=\/wp\/v2\/pages"}],"about":[{"href":"https:\/\/www.smvictoria.pl\/index.php?rest_route=\/wp\/v2\/types\/page"}],"author":[{"embeddable":true,"href":"https:\/\/www.smvictoria.pl\/index.php?rest_route=\/wp\/v2\/users\/1"}],"replies":[{"embeddable":true,"href":"https:\/\/www.smvictoria.pl\/index.php?rest_route=%2Fwp%2Fv2%2Fcomments&post=269"}],"version-history":[{"count":75,"href":"https:\/\/www.smvictoria.pl\/index.php?rest_route=\/wp\/v2\/pages\/269\/revisions"}],"predecessor-version":[{"id":8768,"href":"https:\/\/www.smvictoria.pl\/index.php?rest_route=\/wp\/v2\/pages\/269\/revisions\/8768"}],"up":[{"embeddable":true,"href":"https:\/\/www.smvictoria.pl\/index.php?rest_route=\/wp\/v2\/pages\/6665"}],"wp:attachment":[{"href":"https:\/\/www.smvictoria.pl\/index.php?rest_route=%2Fwp%2Fv2%2Fmedia&parent=269"}],"curies":[{"name":"wp","href":"https:\/\/api.w.org\/{rel}","templated":true}]}}