{"id":315,"date":"2015-02-26T10:59:47","date_gmt":"2015-02-26T10:59:47","guid":{"rendered":"http:\/\/comnet2.compower.pl\/victoria\/?page_id=315"},"modified":"2023-11-17T17:55:21","modified_gmt":"2023-11-17T16:55:21","slug":"zarzad-spoldzielni","status":"publish","type":"page","link":"https:\/\/www.smvictoria.pl\/?page_id=315","title":{"rendered":"Zarz\u0105d"},"content":{"rendered":"<div id=\"wpmem_restricted_msg\"><p><\/br><p align=\"middle\"><img src=\"https:\/\/www.smvictoria.pl\/wp-content\/uploads\/lock.png\"><\/p>\r\n<\/br>\r\nTa tre\u015b\u0107 przeznaczona jest wy\u0142\u0105cznie dla cz\u0142onk\u00f3w Sp\u00f3\u0142dzielni Mieszkaniowej \"Victoria\" w Krakowie.\r\n<\/br>\r\n<\/br>\r\n<\/br>\r\n\r\nZaloguj si\u0119, wpisuj\u0105c w okienku logowania:<\/br> \r\n<\/br>\r\n<b>U\u017cytkownik:<\/b><\/br>\r\nnazwisko i imi\u0119 (np. KOWALSKI JAN)<\/br>\r\n<\/br>\r\n<b>Has\u0142o:<\/b><\/br>\r\nczterocyfrowy numer cz\u0142onkowski (np. 1234), podany np. w zawiadomieniu o zmianie op\u0142at.<\/p><\/div>","protected":false},"excerpt":{"rendered":"<p>Ta tre\u015b\u0107 przeznaczona jest wy\u0142\u0105cznie dla cz\u0142onk\u00f3w Sp\u00f3\u0142dzielni Mieszkaniowej &#8222;Victoria&#8221; w Krakowie. Zaloguj si\u0119, wpisuj\u0105c w okienku logowania: U\u017cytkownik: nazwisko i imi\u0119 (np. KOWALSKI JAN) Has\u0142o: czterocyfrowy numer cz\u0142onkowski (np. 1234), podany np. w zawiadomieniu o zmianie op\u0142at.<\/p>\n","protected":false},"author":1,"featured_media":0,"parent":31,"menu_order":2,"comment_status":"closed","ping_status":"closed","template":"","meta":{"ngg_post_thumbnail":0,"footnotes":""},"class_list":["post-315","page","type-page","status-publish","hentry"],"_links":{"self":[{"href":"https:\/\/www.smvictoria.pl\/index.php?rest_route=\/wp\/v2\/pages\/315","targetHints":{"allow":["GET"]}}],"collection":[{"href":"https:\/\/www.smvictoria.pl\/index.php?rest_route=\/wp\/v2\/pages"}],"about":[{"href":"https:\/\/www.smvictoria.pl\/index.php?rest_route=\/wp\/v2\/types\/page"}],"author":[{"embeddable":true,"href":"https:\/\/www.smvictoria.pl\/index.php?rest_route=\/wp\/v2\/users\/1"}],"replies":[{"embeddable":true,"href":"https:\/\/www.smvictoria.pl\/index.php?rest_route=%2Fwp%2Fv2%2Fcomments&post=315"}],"version-history":[{"count":20,"href":"https:\/\/www.smvictoria.pl\/index.php?rest_route=\/wp\/v2\/pages\/315\/revisions"}],"predecessor-version":[{"id":6642,"href":"https:\/\/www.smvictoria.pl\/index.php?rest_route=\/wp\/v2\/pages\/315\/revisions\/6642"}],"up":[{"embeddable":true,"href":"https:\/\/www.smvictoria.pl\/index.php?rest_route=\/wp\/v2\/pages\/31"}],"wp:attachment":[{"href":"https:\/\/www.smvictoria.pl\/index.php?rest_route=%2Fwp%2Fv2%2Fmedia&parent=315"}],"curies":[{"name":"wp","href":"https:\/\/api.w.org\/{rel}","templated":true}]}}