
{"id":5,"date":"2015-02-18T17:17:25","date_gmt":"2015-02-18T17:17:25","guid":{"rendered":"http:\/\/comnet2.compower.pl\/victoria\/?page_id=5"},"modified":"2025-09-02T14:38:37","modified_gmt":"2025-09-02T12:38:37","slug":"strona-glowna","status":"publish","type":"page","link":"https:\/\/www.smvictoria.pl\/","title":{"rendered":""},"content":{"rendered":"<p style=\"text-align: center;\"><span style=\"font-size: 24pt; color: #0072bc;\">Sp\u00f3\u0142dzielnia Mieszkaniowa &#8222;Victoria&#8221;<br \/>\nw Krakowie<\/span><\/p>\n<p style=\"text-align: center;\">Os. Ko\u015bciuszkowskie 5 (pawilon)<br \/>\n31-858 Krak\u00f3w<\/p>\n<p style=\"text-align: center;\">tel.: <a href=\"tel:126485183\">12 648 51 83<\/a><br \/>\ne-mail: <a href=\"mailto:sekretariat@smvictoria.pl\">sekretariat@smvictoria.pl<\/a><\/p>\n<p style=\"text-align: center;\">Adres do e-dor\u0119cze\u0144:&nbsp; AE:PL-53859-75325-CGUIG-27<\/p>\n<hr>\n<style>\r\n\r\ntable#t48 {\r\nborder-collapse: collapse;\t\r\nborder-width: 0px;\r\nborder-style: outset;\r\nmargin: 20px 0;\r\nline-height: 2.0em;\r\ntext-align: center;\r\nvertical-align: top;width: 100%;\r\n}\r\ntable#t48 thead tr {\r\n\r\n}\r\ntable#t48 thead tr th.t48 {\r\ncolor: #333333;\r\nbackground: none repeat scroll 0 0 #FFFFFF;\r\nfont-size: 0.2em;\r\nletter-spacing: 0;\r\nline-height: 0.2;\r\npadding: 4px;\r\ntext-transform: none;\r\ntext-align: center;\r\n}\r\n\r\ntable#t48 thead tr th#t48.start {\r\n\r\n}\r\ntable#t48 thead tr th#t48.end {\r\n\r\n}\r\ntable#t48 tbody tr {\r\n    background: none repeat scroll 0 0 #FFFFFF;\r\n}\r\ntable#t48 tbody tr.table-alternate {\r\n    background: none repeat scroll 0 0 #FDFDFD;\r\n}\r\ntable#t48 tbody tr td#n1 {\r\n\twidth: 25%;\r\n\t}table#t48 tbody tr td#n2 {\r\n\twidth: 25%;\r\n\t}table#t48 tbody tr td#n3 {\r\n\twidth: 25%;\r\n\t}\r\n\r\ntable#t48 tbody tr td {\r\n    padding: 5px;\r\n\tborder-width: 0px;\r\n\tfont-size: 1.0em;\r\n\tborder-top: medium none;\r\n    text-align: center;\r\n\tline-height: 1.2;\r\n\tvertical-align: top;\r\n}\r\n}\r\ntable#t48 tfoot tr {\r\n}\r\n\r\ntable#t48 tfoot tr td {\r\n    background: none repeat scroll 0 0 #FCFCFC;\t\r\n\tpadding: 4px;\r\n\tborder-width: 0px;\r\n\tcolor: #7a7a7a;\r\n\tfont-size: 1.0em;\r\n\tborder-top: medium none;\r\n    text-align: center;\r\n}\r\n<\/style><table id=\"t48\">\r\n\t<tbody><tr class=\"table-alternate row1\"> <td id=\"n1\" class=\"start\"><center><a href=\"https:\/\/smvictoria.pl\/?page_id=271\"><img loading=\"lazy\" decoding=\"async\" src=\"https:\/\/www.smvictoria.pl\/wp-content\/uploads\/auction.png\" width=\"90\" height=\"90\" \/><\/a><\/center><\/td><td id=\"n2\" ><center><a href=\"https:\/\/smvictoria.pl\/?page_id=29\"><img loading=\"lazy\" decoding=\"async\" src=\"https:\/\/www.smvictoria.pl\/wp-content\/uploads\/legislation.png\" width=\"90\" height=\"90\" \/><\/a><\/center><\/td><td id=\"n3\" ><center><a href=\"https:\/\/smvictoria.pl\/?page_id=649\"><img loading=\"lazy\" decoding=\"async\" src=\"https:\/\/www.smvictoria.pl\/wp-content\/uploads\/garbage.png\" width=\"90\" height=\"90\" \/><\/a><\/center><\/td><\/tr><tr class= \"table-noalt row2\"><td id=\"n1\" class=\"start\"><center><a href=\"https:\/\/www.smvictoria.pl\/?page_id=271\">Przetargi<\/a><\/center><\/td><td id=\"n2\" ><center><a title=\"Projekty Spo\u0142eczne\" href=\"https:\/\/smvictoria.pl\/?page_id=29\">Statut i regulaminy<\/a><\/center><\/td><td id=\"n3\" ><center><a href=\"https:\/\/smvictoria.pl\/?page_id=649\">Informacje praktyczne<\/a><\/center><\/td><\/tr><\/tbody><\/table>\n<hr>\n<p style=\"text-align: center;\">&nbsp;\r\n\t\t<!-- start of Column Posts 1.4 column-posts\/languages -->\r\n\t\t\r\n\t\t<script type=\"text\/javascript\">\r\n\r\n\t\tjQuery(document).ready(function($){\r\n\t\t\t$(\".alignthumb\").width(\"60px\");\r\n\t\t\t$(\".alignthumb\").height(\"auto\");\r\n\t\t\t$(\"#cp-box .cp-box ul li p\").css(\"font-size\",\"14px\");\r\n\t\t\t$(\"#cp-box .cp-box > ul\").css(\"margin-left\",\"0\");\r\n\t\t\t$(\"#cp-box .cp-box > ul\").css(\"list-style\",\"none\");\r\n\t\t});\r\n\r\n\t\t<\/script>\r\n\t\t<div id=\"cp-box\">\r\n\t\t<h3><\/h3>\r\n\t\t\t<!-- start of Post Column Box-->\r\n\t\t\t<div class=\"cp-box two\"><ul>\r\n\t\t\t<li><a href=\"https:\/\/www.smvictoria.pl\/?p=8711\" title=\"Article Informacja dotycz\u0105ca zmian koszt\u00f3w niezale\u017cnych od Sp\u00f3\u0142dzielni w 2026 r. published at 9 kwietnia 2026 14.20\">Informacja dotycz\u0105ca zmian koszt\u00f3w niezale\u017cnych od Sp\u00f3\u0142dzielni w 2026 r.<\/a><p>Szanowni Pa\u0144stwo, informujemy, \u017ce w 2026r. nast\u0105pi\u0142y zmiany koszt\u00f3w niezale\u017cnych od Sp\u00f3\u0142dzielni, wynikaj\u0105ce z decyzji instytucji zewn\u0119trznych (m.in. taryf, uchwa\u0142 i regulacji).<\/p><\/li><li><a href=\"https:\/\/www.smvictoria.pl\/?p=8702\" title=\"Article Informacja dotycz\u0105ca wyniku finansowego za 2025 r. published at 8 kwietnia 2026 11.33\">Informacja dotycz\u0105ca wyniku finansowego za 2025 r.<\/a><p>Wynik finansowy &#8222;Gospodarki Zasobami Mieszkaniowymi &#8221; tj. fundusz eksploatacyjny ( op\u0142ata za utrzymanie nieruchomo\u015bci ).<\/p><\/li><li><a href=\"https:\/\/www.smvictoria.pl\/?p=8700\" title=\"Article Informacja dotycz\u0105ca planu remont\u00f3w za 2025r. published at 8 kwietnia 2026 11.32\">Informacja dotycz\u0105ca planu remont\u00f3w za 2025r.<\/a><p>Wykonanie planu remont\u00f3w naszych nieruchomo\u015bci za&nbsp; 2025 r.<\/p><\/li><li><a href=\"https:\/\/www.smvictoria.pl\/?p=8689\" title=\"Article Informacja dotycz\u0105ca koszt\u00f3w Zarz\u0105du. published at 7 kwietnia 2026 09.51\">Informacja dotycz\u0105ca koszt\u00f3w Zarz\u0105du.<\/a><p>Szanowni Pa\u0144stwo, Zarz\u0105d Sp\u00f3\u0142dzielni Mieszkaniowej &nbsp;\u201eVictoria\u201d informuje, i\u017c zwi\u0119kszenie op\u0142at ponoszonych przez mieszka\u0144c\u00f3w z tytu\u0142u \u201ezarz\u0105dzania\u201d wynika z podj\u0119cia przez Rad\u0119 Nadzorcz\u0105 szeregu uchwa\u0142, kt\u00f3re przedstawiamy w za\u0142\u0105czeniu.<\/p><\/li><li><a href=\"https:\/\/www.smvictoria.pl\/?p=8677\" title=\"Article Stanowisko i opinia w sprawie wyboru Prezydium Rady Nadzorczej w dniu 05.02.2026 r. published at 25 marca 2026 08.49\">Stanowisko i opinia w sprawie wyboru Prezydium Rady Nadzorczej w dniu 05.02.2026 r.<\/a><p><\/p><\/li>\r\n\t\t\t<\/ul><\/div>\r\n\t\t\t<!-- end of Post Column Box-->\r\n\t\t\t\r\n\t\t\t<!-- start of Post Column Box-->\r\n\t\t\t<div class=\"cp-box two\"><ul>\r\n\t\t\t<li><a href=\"https:\/\/www.smvictoria.pl\/?p=8672\" title=\"Article Przetarg nieograniczony published at 24 marca 2026 13.40\">Przetarg nieograniczony<\/a><p>Sp\u00f3\u0142dzielnia Mieszkaniowa &#8222;Victoria&#8221; w Krakowie og\u0142asza post\u0119powanie przetargowe:<\/p><\/li><li><a href=\"https:\/\/www.smvictoria.pl\/?p=8667\" title=\"Article Przetarg nieograniczony published at 24 marca 2026 10.39\">Przetarg nieograniczony<\/a><p>Sp\u00f3\u0142dzielnia Mieszkaniowa &#8222;Victoria&#8221; w Krakowie og\u0142asza post\u0119powanie przetargowe:<\/p><\/li><li><a href=\"https:\/\/www.smvictoria.pl\/?p=8471\" title=\"Article Informacja dotycz\u0105ca ksi\u0105\u017ceczek published at 1 grudnia 2025 13.12\">Informacja dotycz\u0105ca ksi\u0105\u017ceczek<\/a><p>Zarz\u0105d Sp\u00f3\u0142dzielni informuje, \u017ce pocz\u0105wszy od roku 2027 r. ksi\u0105\u017ceczki op\u0142at mieszkaniowych b\u0119d\u0105 drukowane wy\u0142\u0105cznie dla os\u00f3b, kt\u00f3re zadeklaruj\u0105 ch\u0119\u0107 ich otrzymania.<\/p><\/li><li><a href=\"https:\/\/www.smvictoria.pl\/?p=8237\" title=\"Article Prezentacja dotycz\u0105ca odnawialnych \u017ar\u00f3de\u0142 energii. published at 2 lipca 2025 12.45\">Prezentacja dotycz\u0105ca odnawialnych \u017ar\u00f3de\u0142 energii.<\/a><p>Dofinansowanie Grant OZE, a niezale\u017cno\u015b\u0107 energetyczna dla sp\u00f3\u0142dzielni i wsp\u00f3lnot mieszkaniowych.<\/p><\/li><li><a href=\"https:\/\/www.smvictoria.pl\/?p=5774\" title=\"Article Zmiana godzin pracy Sp\u00f3\u0142dzielni od dnia 02.01.2025 r. published at 18 grudnia 2024 07.34\">Zmiana godzin pracy Sp\u00f3\u0142dzielni od dnia 02.01.2025 r.<\/a><p>Sp\u00f3\u0142dzielnia Mieszkaniowa &#8222;VICTORIA&#8221; informuje, \u017ce od dnia 02.01.2025 r. zmienione zostaj\u0105 godziny pracy Sp\u00f3\u0142dzielni. Godziny przyj\u0119\u0107&nbsp; Poniedzia\u0142ek &#8211; Pi\u0105tek 7:00 &#8211; 15:00 \u015aroda dzie\u0144 bez przyj\u0119\u0107 stron. Godziny otwarcia kasy Poniedzia\u0142ek 7:30 &#8211; 14:00&nbsp; Wtorek&nbsp; &nbsp; &nbsp; &nbsp; &nbsp; &nbsp;7:30 &#8211; 14:00&nbsp; Czwartek&nbsp;&nbsp;&nbsp; &nbsp;&nbsp; 7:30 &#8211; 14:00 ( przerwa od 10:15 do 10:30 ) &nbsp; [&hellip;]<\/p><\/li>\r\n\t\t\t<\/ul><\/div>\r\n\t\t\t<!-- end of Post Column Box-->\r\n\t\t\t<div class=\"clear\"><\/div>\r\n\t\t\t\r\n\t\t<\/div>\r\n\t\t<!-- end of Column Posts 1.4-->\r\n\t\t\n","protected":false},"excerpt":{"rendered":"<p>Sp\u00f3\u0142dzielnia Mieszkaniowa &#8222;Victoria&#8221; w Krakowie Os. Ko\u015bciuszkowskie 5 (pawilon) 31-858 Krak\u00f3w tel.: 12 648 51 83 e-mail: sekretariat@smvictoria.pl Adres do e-dor\u0119cze\u0144:&nbsp; AE:PL-53859-75325-CGUIG-27 &nbsp;<\/p>\n","protected":false},"author":1,"featured_media":0,"parent":0,"menu_order":0,"comment_status":"closed","ping_status":"closed","template":"templates\/home-page.php","meta":{"ngg_post_thumbnail":0,"footnotes":""},"class_list":["post-5","page","type-page","status-publish","hentry"],"_links":{"self":[{"href":"https:\/\/www.smvictoria.pl\/index.php?rest_route=\/wp\/v2\/pages\/5","targetHints":{"allow":["GET"]}}],"collection":[{"href":"https:\/\/www.smvictoria.pl\/index.php?rest_route=\/wp\/v2\/pages"}],"about":[{"href":"https:\/\/www.smvictoria.pl\/index.php?rest_route=\/wp\/v2\/types\/page"}],"author":[{"embeddable":true,"href":"https:\/\/www.smvictoria.pl\/index.php?rest_route=\/wp\/v2\/users\/1"}],"replies":[{"embeddable":true,"href":"https:\/\/www.smvictoria.pl\/index.php?rest_route=%2Fwp%2Fv2%2Fcomments&post=5"}],"version-history":[{"count":210,"href":"https:\/\/www.smvictoria.pl\/index.php?rest_route=\/wp\/v2\/pages\/5\/revisions"}],"predecessor-version":[{"id":8345,"href":"https:\/\/www.smvictoria.pl\/index.php?rest_route=\/wp\/v2\/pages\/5\/revisions\/8345"}],"wp:attachment":[{"href":"https:\/\/www.smvictoria.pl\/index.php?rest_route=%2Fwp%2Fv2%2Fmedia&parent=5"}],"curies":[{"name":"wp","href":"https:\/\/api.w.org\/{rel}","templated":true}]}}