{"id":5351,"date":"2021-12-30T09:25:16","date_gmt":"2022-09-26T12:59:50","guid":{"rendered":"https:\/\/www.smvictoria.pl\/?page_id=5351"},"modified":"2023-11-17T13:39:09","modified_gmt":"2023-11-17T12:39:09","slug":"rodo","status":"publish","type":"page","link":"https:\/\/www.smvictoria.pl\/?page_id=5351","title":{"rendered":"RODO"},"content":{"rendered":"<p><strong>Klauzula informacyjna o przetwarzaniu danych osobowych<\/strong><\/p>\n<p>Na podstawie art. 12 ust. 1 i ust. 2 rozporz\u0105dzenia Parlamentu Europejskiego i Rady (UE) 2016\/679 z dn. 27.04.2016 r. w sprawie ochrony os\u00f3b fizycznych w zwi\u0105zku z przetwarzaniem danych osobowych i w sprawie swobodnego przep\u0142ywu takich danych oraz uchylenia dyrektywy 95\/46\/WE (dalej RODO), informujemy, \u017ce:<\/p>\n<p><strong>Administrator danych<\/strong>:<\/p>\n<p>Administratorem Pani\/Pana danych osobowych jest Sp\u00f3\u0142dzielnia Mieszkaniowa \u201eVictoria\u201d&nbsp; os. Ko\u015bciuszkowskie 5, e-mail:&nbsp;<a href=\"mailto:smvictoria@smvictoria.pl\">smvictoria@smvictoria.pl<\/a>, tel. 12\/6485183.<\/p>\n<ol>\n<li>przetwarzanie Pani\/Pana danych osobowych odbywa\u0107 si\u0119 b\u0119dzie w celu realizacji zada\u0144 statutowych Sp\u00f3\u0142dzielni Mieszkaniowej (podstawa prawna art. 6 ust. 1 lit. B RODO)<\/li>\n<li>w celach archiwalnych (dowodowych) b\u0119d\u0105cych realizacj\u0105 prawnie uzasadnionego interesu zabezpieczenia informacji na wypadek prawnej potrzeby wykazania fakt\u00f3w (podstawa prawna art. 6 ust. 1 lit. f&nbsp; RODO),<\/li>\n<li>w celu ewentualnego ustalenia, dochodzenia lub obrony przed roszczeniami b\u0119d\u0105cego realizacj\u0105 prawnie uzasadnionego interesu (podstawa prawna art. 6 ust. 1 lit. f&nbsp; RODO).<\/li>\n<\/ol>\n<p><strong>Okres przechowywania danych osobowych:<\/strong><\/p>\n<p>Dane osobowe b\u0119d\u0105 przetwarzane przez okres zamieszkiwania Pana\/Pani w lokalu mieszkalnym w kt\u00f3rym administrowanie nieruchomo\u015bci\u0105 wsp\u00f3ln\u0105 sprawuje Sp\u00f3\u0142dzielnia. Po zako\u0144czeniu sprawowania zarz\u0105du dodatkowo przez okres, w kt\u00f3rym mog\u0105 ujawni\u0107 si\u0119 roszczenia, czyli przez 10 lat, w tym o 3 lata d\u0142u\u017cej dla roszcze\u0144 zg\u0142oszonych w ostatniej chwili i problem\u00f3w z dor\u0119czeniem.<\/p>\n<p><strong>Prawo dost\u0119pu do danych osobowych:<\/strong><\/p>\n<p>Posiada Pani\/Pan prawo dost\u0119pu do tre\u015bci swoich danych osobowych oraz prawo do ich sprostowania.<\/p>\n<p><strong>Prawo wniesienia skargi do organu nadzorczego:<\/strong><\/p>\n<p>Przys\u0142uguje Pani\/Panu prawo do wniesienia skargi do Generalnego Inspektora Ochrony Danych Osobowych, gdy uzna Pani\/Pan i\u017c przetwarzanie danych osobowych Pani\/Pana dotycz\u0105cych narusza przepisy RODO.<\/p>\n<p><strong>Konsekwencja niepodania danych:<\/strong><\/p>\n<p>Podanie przez Pani\u0105\/Pana danych osobowych jest warunkiem wykonywania statutowej dzia\u0142alno\u015bci Sp\u00f3\u0142dzielni Mieszkaniowej Victoria i jest warunkiem wykonywania czynno\u015bci zarz\u0105dzania.<\/p>\n<p><strong>Zautomatyzowane podejmowanie decyzji, profilowanie:<\/strong><\/p>\n<p>Pani\/Pana dane osobowe nie b\u0119d\u0105 przetwarzane w spos\u00f3b zautomatyzowany i nie b\u0119d\u0105 profilowane.<\/p>\n<p>&nbsp;<\/p>\n<table width=\"100%\" style=\"margin-bottom: 10px\">\r\n  <tr>\r\n    <td width=\"40\" rowspan=2 style=\"vertical-align:top; padding-top: 7px;\"><img decoding=\"async\" src=\"https:\/\/www.smvictoria.pl\/wp-content\/uploads\/2015\/02\/pdf.png\" style=\"vertical-align:middle;\" \/><\/td>\r\n    <td><pdf-tytul><a href=\"https:\/\/www.smvictoria.pl\/?wpfb_dl=1196\">Regulamin ochrony danych osobowych<\/a><\/pdf-tytul><\/td>\r\n  <\/tr>\r\n  <tr>\r\n    <td><pdf-opis><\/pdf-opis><\/td>\r\n  <\/tr>\r\n<\/table>\n<p>&nbsp;<\/p>\n","protected":false},"excerpt":{"rendered":"<p>Klauzula informacyjna o przetwarzaniu danych osobowych Na podstawie art. 12 ust. 1 i ust. 2 rozporz\u0105dzenia Parlamentu Europejskiego i Rady (UE) 2016\/679 z dn. 27.04.2016 r. w sprawie ochrony os\u00f3b fizycznych w zwi\u0105zku z przetwarzaniem danych osobowych i w sprawie swobodnego przep\u0142ywu takich danych oraz uchylenia dyrektywy 95\/46\/WE (dalej RODO), informujemy, \u017ce: Administrator danych: Administratorem [&hellip;]<\/p>\n","protected":false},"author":1,"featured_media":0,"parent":6665,"menu_order":8,"comment_status":"closed","ping_status":"closed","template":"","meta":{"ngg_post_thumbnail":0,"footnotes":""},"class_list":["post-5351","page","type-page","status-publish","hentry"],"_links":{"self":[{"href":"https:\/\/www.smvictoria.pl\/index.php?rest_route=\/wp\/v2\/pages\/5351","targetHints":{"allow":["GET"]}}],"collection":[{"href":"https:\/\/www.smvictoria.pl\/index.php?rest_route=\/wp\/v2\/pages"}],"about":[{"href":"https:\/\/www.smvictoria.pl\/index.php?rest_route=\/wp\/v2\/types\/page"}],"author":[{"embeddable":true,"href":"https:\/\/www.smvictoria.pl\/index.php?rest_route=\/wp\/v2\/users\/1"}],"replies":[{"embeddable":true,"href":"https:\/\/www.smvictoria.pl\/index.php?rest_route=%2Fwp%2Fv2%2Fcomments&post=5351"}],"version-history":[{"count":7,"href":"https:\/\/www.smvictoria.pl\/index.php?rest_route=\/wp\/v2\/pages\/5351\/revisions"}],"predecessor-version":[{"id":5402,"href":"https:\/\/www.smvictoria.pl\/index.php?rest_route=\/wp\/v2\/pages\/5351\/revisions\/5402"}],"up":[{"embeddable":true,"href":"https:\/\/www.smvictoria.pl\/index.php?rest_route=\/wp\/v2\/pages\/6665"}],"wp:attachment":[{"href":"https:\/\/www.smvictoria.pl\/index.php?rest_route=%2Fwp%2Fv2%2Fmedia&parent=5351"}],"curies":[{"name":"wp","href":"https:\/\/api.w.org\/{rel}","templated":true}]}}