{"id":649,"date":"2021-12-30T09:25:16","date_gmt":"2015-03-16T12:19:20","guid":{"rendered":"http:\/\/comnet2.compower.pl\/victoria\/?page_id=649"},"modified":"2023-11-17T22:17:55","modified_gmt":"2023-11-17T21:17:55","slug":"informacje-praktyczne","status":"publish","type":"page","link":"https:\/\/www.smvictoria.pl\/?page_id=649","title":{"rendered":"Informacje praktyczne"},"content":{"rendered":"<p><span style=\"color: #0072bc;\"><strong>Segregacja \u015bmieci<\/strong><\/span><\/p>\n<p><a href=\"https:\/\/www.smvictoria.pl\/wp-content\/uploads\/segregacja1.jpg\"><img decoding=\"async\" class=\"alignnone size-full wp-image-4377\" src=\"https:\/\/www.smvictoria.pl\/wp-content\/uploads\/segregacja1.jpg\"><\/a><\/p>\n<p><a href=\"https:\/\/www.smvictoria.pl\/wp-content\/uploads\/segregacja2.jpg\"><img decoding=\"async\" class=\"alignnone size-full wp-image-4377\" src=\"https:\/\/www.smvictoria.pl\/wp-content\/uploads\/segregacja2.jpg\"><\/a><\/p>\n<p>Zwalnia si\u0119 w cz\u0119\u015bci 1\/5 op\u0142aty za gospodarowanie odpadami komunalnymi  ka\u017cdego cz\u0142onka rodziny wielodzietnej, kt\u00f3ra jest w posiadaniu Karty Du\u017cej Rodziny. Warunkiem skorzystania z obni\u017conej op\u0142aty jest dostarczenie \u2013 przes\u0142anie scanu Karty Du\u017cej Rodziny na adres e-mail <a href=\"mailto:sekretariat@smvictoria.pl\">sekretariat@smvictoria.pl<\/a> lub wrzucenie do skrzynki podawczej Sp\u00f3\u0142dzielni z dopisanym adresem zamieszkania kserokopii Karty Du\u017cej Rodziny. Upust b\u0119dzie naliczony od pierwszego dnia miesi\u0105ca nast\u0119pnego po zg\u0142oszeniu.<\/p>\n<p>&nbsp;<\/p>\n<p><span style=\"color: #0072bc;\"><strong>Informacja dotycz\u0105ca przeprowadzenia remontu mieszkania<\/strong><\/span><\/p>\n<p>Sp\u00f3\u0142dzielnia Mieszkaniowa &#8222;Victoria&#8221; przypomina, \u017ce wszelkie prace remontowe prowadzone w mieszkaniach za wyj\u0105tkiem malowania i tapetowania winny odbywa\u0107 si\u0119 za zgod\u0105 Sp\u00f3\u0142dzielni.  Je\u017celi prowadzone prace spowoduj\u0105 zapylenie klatki schodowej \u2013 w\u0142a\u015bciciel lokalu mieszkalnego prowadz\u0105cy remont zobowi\u0105zany jest na bie\u017c\u0105co, jak r\u00f3wnie\u017c po zako\u0144czeniu prac, wysprz\u0105ta\u0107 klatk\u0119 schodow\u0105. Sprz\u0105tanie klatek schodowych po remontach nie nale\u017cy do obowi\u0105zk\u00f3w gospodarza budynku.Powsta\u0142y gruz podczas prac remontowych jest usuwany przez osob\u0119 przeprowadzaj\u0105c\u0105 remont. Niedopuszczalne jest podrzucanie gruzu pod altan\u0119 \u015bmietnikow\u0105, poniewa\u017c kosztami obci\u0105\u017cani s\u0105 wszyscy mieszka\u0144cy budynku.<\/p>\n<p>&nbsp;<\/p>\n<p><span style=\"color: #0072bc;\"><strong>Informacja o obowi\u0105zywaniu ciszy nocnej w nieruchomo\u015bci<\/strong><\/span><\/p>\n<p>Sp\u00f3\u0142dzielnia Mieszkaniowa &#8222;Victoria&#8221; informuje, \u017ce zgodnie z \u00a7 8 pkt. 10 Regulaminu Porz\u0105dku Domowego nale\u017cy przestrzega\u0107 ciszy nocnej w godzinach od 22<sup>00<\/sup> do 6<sup>00<\/sup> rano.<\/p>\n<p>&nbsp;<\/p>\n<p><span style=\"color: #0072bc;\"><strong>Przeznaczenie pomieszcze\u0144 wsp\u00f3lnych w nieruchomo\u015bci: w\u00f3zkownie, suszarnie<\/strong><\/span><\/p>\n<p>Sp\u00f3\u0142dzielnia Mieszkaniowa &#8222;Victoria&#8221; przypomina, \u017ce zgodnie z \u00a7 8 pkt. 7 oraz \u00a7 9 pkt. 3 Regulaminu Porz\u0105dku Domowego oraz przepisami przeciwpo\u017carowymi <strong>niedozwolone<\/strong> jest pod rygorem odpowiedzialno\u015bci karnej i cywilnej sk\u0142adowanie jakichkolwiek przedmiot\u00f3w w pomieszczeniach og\u00f3lnodost\u0119pnych, m.in. w w\u00f3zkowniach, suszarniach jak r\u00f3wnie\u017c w korytarzach piwnicznych.<\/p>\n<p>&nbsp;<\/p>\n<p><span style=\"color: #0072bc;\"><strong>Informacja o niedokarmianiu ptak\u00f3w<\/strong><\/span><\/p>\n<p>Sp\u00f3\u0142dzielnia Mieszkaniowa &#8222;Victoria&#8221; prosi mieszka\u0144c\u00f3w o<strong> niewyrzucanie resztek jedzenia przez okna <\/strong>i niedokarmiania go\u0142\u0119bi w pobli\u017cu budynk\u00f3w, poniewa\u017c w miejscach tych mog\u0105 pojawia\u0107 si\u0119 szczury. Przypominamy, \u017ce w budynkach wielorodzinnych nale\u017cy stosowa\u0107 si\u0119 do og\u00f3lnie przyj\u0119tych norm spo\u0142ecznych oraz dbania o mienie Sp\u00f3\u0142dzielni.<\/p>\n","protected":false},"excerpt":{"rendered":"<p>Segregacja \u015bmieci Zwalnia si\u0119 w cz\u0119\u015bci 1\/5 op\u0142aty za gospodarowanie odpadami komunalnymi ka\u017cdego cz\u0142onka rodziny wielodzietnej, kt\u00f3ra jest w posiadaniu Karty Du\u017cej Rodziny. Warunkiem skorzystania z obni\u017conej op\u0142aty jest dostarczenie \u2013 przes\u0142anie scanu Karty Du\u017cej Rodziny na adres e-mail sekretariat@smvictoria.pl lub wrzucenie do skrzynki podawczej Sp\u00f3\u0142dzielni z dopisanym adresem zamieszkania kserokopii Karty Du\u017cej Rodziny. Upust [&hellip;]<\/p>\n","protected":false},"author":1,"featured_media":0,"parent":0,"menu_order":8,"comment_status":"closed","ping_status":"closed","template":"","meta":{"ngg_post_thumbnail":0,"footnotes":""},"class_list":["post-649","page","type-page","status-publish","hentry"],"_links":{"self":[{"href":"https:\/\/www.smvictoria.pl\/index.php?rest_route=\/wp\/v2\/pages\/649","targetHints":{"allow":["GET"]}}],"collection":[{"href":"https:\/\/www.smvictoria.pl\/index.php?rest_route=\/wp\/v2\/pages"}],"about":[{"href":"https:\/\/www.smvictoria.pl\/index.php?rest_route=\/wp\/v2\/types\/page"}],"author":[{"embeddable":true,"href":"https:\/\/www.smvictoria.pl\/index.php?rest_route=\/wp\/v2\/users\/1"}],"replies":[{"embeddable":true,"href":"https:\/\/www.smvictoria.pl\/index.php?rest_route=%2Fwp%2Fv2%2Fcomments&post=649"}],"version-history":[{"count":29,"href":"https:\/\/www.smvictoria.pl\/index.php?rest_route=\/wp\/v2\/pages\/649\/revisions"}],"predecessor-version":[{"id":6752,"href":"https:\/\/www.smvictoria.pl\/index.php?rest_route=\/wp\/v2\/pages\/649\/revisions\/6752"}],"wp:attachment":[{"href":"https:\/\/www.smvictoria.pl\/index.php?rest_route=%2Fwp%2Fv2%2Fmedia&parent=649"}],"curies":[{"name":"wp","href":"https:\/\/api.w.org\/{rel}","templated":true}]}}