{"id":8779,"date":"2026-05-15T10:59:01","date_gmt":"2026-05-15T08:59:01","guid":{"rendered":"https:\/\/www.smvictoria.pl\/?page_id=8779"},"modified":"2026-05-15T11:01:13","modified_gmt":"2026-05-15T09:01:13","slug":"e-czynsze","status":"publish","type":"page","link":"https:\/\/www.smvictoria.pl\/?page_id=8779","title":{"rendered":"E-BOK"},"content":{"rendered":"<p>Celem zalogowania si\u0119 do us\u0142ugi E-BOK prosimy o klikniecie w poni\u017cszy link:<\/p>\n<p><a href=\"https:\/\/ebok.smvictoria.pl\/\"><span style=\"text-decoration: underline;\">https:\/\/ebok.smvictoria.pl\/<\/span><\/a><\/p>\n","protected":false},"excerpt":{"rendered":"<p>Celem zalogowania si\u0119 do us\u0142ugi E-BOK prosimy o klikniecie w poni\u017cszy link: https:\/\/ebok.smvictoria.pl\/<\/p>\n","protected":false},"author":1,"featured_media":0,"parent":0,"menu_order":0,"comment_status":"closed","ping_status":"closed","template":"","meta":{"ngg_post_thumbnail":0,"footnotes":""},"class_list":["post-8779","page","type-page","status-publish","hentry"],"_links":{"self":[{"href":"https:\/\/www.smvictoria.pl\/index.php?rest_route=\/wp\/v2\/pages\/8779","targetHints":{"allow":["GET"]}}],"collection":[{"href":"https:\/\/www.smvictoria.pl\/index.php?rest_route=\/wp\/v2\/pages"}],"about":[{"href":"https:\/\/www.smvictoria.pl\/index.php?rest_route=\/wp\/v2\/types\/page"}],"author":[{"embeddable":true,"href":"https:\/\/www.smvictoria.pl\/index.php?rest_route=\/wp\/v2\/users\/1"}],"replies":[{"embeddable":true,"href":"https:\/\/www.smvictoria.pl\/index.php?rest_route=%2Fwp%2Fv2%2Fcomments&post=8779"}],"version-history":[{"count":6,"href":"https:\/\/www.smvictoria.pl\/index.php?rest_route=\/wp\/v2\/pages\/8779\/revisions"}],"predecessor-version":[{"id":8786,"href":"https:\/\/www.smvictoria.pl\/index.php?rest_route=\/wp\/v2\/pages\/8779\/revisions\/8786"}],"wp:attachment":[{"href":"https:\/\/www.smvictoria.pl\/index.php?rest_route=%2Fwp%2Fv2%2Fmedia&parent=8779"}],"curies":[{"name":"wp","href":"https:\/\/api.w.org\/{rel}","templated":true}]}}